{"id":16539,"date":"2023-09-08T10:37:32","date_gmt":"2023-09-08T10:37:32","guid":{"rendered":"https:\/\/laura.michellekellycreative.com\/familia-y-maternidad\/"},"modified":"2023-12-06T14:43:35","modified_gmt":"2023-12-06T14:43:35","slug":"familia-y-maternidad","status":"publish","type":"page","link":"https:\/\/lauramazzello.com\/es\/familia-y-maternidad\/","title":{"rendered":"Familia y Embarazo"},"content":{"rendered":"\t\t<div data-elementor-type=\"wp-page\" data-elementor-id=\"16539\" class=\"elementor elementor-16539 elementor-80\" data-elementor-post-type=\"page\">\n\t\t\t\t<div class=\"elementor-element elementor-element-6ce448d hero-section e-flex e-con-boxed e-con e-parent\" data-id=\"6ce448d\" data-element_type=\"container\" data-settings=\"{&quot;background_background&quot;:&quot;classic&quot;}\">\n\t\t\t\t\t<div class=\"e-con-inner\">\n\t\t<div class=\"elementor-element elementor-element-798f2c8 e-flex e-con-boxed e-con e-child\" data-id=\"798f2c8\" data-element_type=\"container\">\n\t\t\t\t\t<div class=\"e-con-inner\">\n\t\t\t\t<div class=\"elementor-element elementor-element-3cce3c5 h1-hero elementor-widget elementor-widget-heading\" data-id=\"3cce3c5\" data-element_type=\"widget\" data-widget_type=\"heading.default\">\n\t\t\t\t<div class=\"elementor-widget-container\">\n\t\t\t<style>\/*! elementor - v3.21.0 - 25-04-2024 *\/\n.elementor-heading-title{padding:0;margin:0;line-height:1}.elementor-widget-heading .elementor-heading-title[class*=elementor-size-]>a{color:inherit;font-size:inherit;line-height:inherit}.elementor-widget-heading .elementor-heading-title.elementor-size-small{font-size:15px}.elementor-widget-heading .elementor-heading-title.elementor-size-medium{font-size:19px}.elementor-widget-heading .elementor-heading-title.elementor-size-large{font-size:29px}.elementor-widget-heading .elementor-heading-title.elementor-size-xl{font-size:39px}.elementor-widget-heading .elementor-heading-title.elementor-size-xxl{font-size:59px}<\/style><h1 class=\"elementor-heading-title elementor-size-default\">fotograf\u00eda de familia y <i>embarazo<\/i><\/h1>\t\t<\/div>\n\t\t\t\t<\/div>\n\t\t\t\t\t<\/div>\n\t\t\t\t<\/div>\n\t\t\t\t\t<\/div>\n\t\t\t\t<\/div>\n\t\t<div class=\"elementor-element elementor-element-bd55095 e-con-full main-section e-flex e-con e-parent\" data-id=\"bd55095\" data-element_type=\"container\" data-settings=\"{&quot;background_background&quot;:&quot;classic&quot;}\">\n\t\t<div class=\"elementor-element elementor-element-bed608b e-con-full e-flex e-con e-child\" data-id=\"bed608b\" data-element_type=\"container\">\n\t\t<div class=\"elementor-element elementor-element-9e24407 e-con-full e-flex e-con e-child\" data-id=\"9e24407\" data-element_type=\"container\">\n\t\t\t\t<div class=\"elementor-element elementor-element-e8d8db9 elementor-widget elementor-widget-image\" data-id=\"e8d8db9\" data-element_type=\"widget\" data-widget_type=\"image.default\">\n\t\t\t\t<div class=\"elementor-widget-container\">\n\t\t\t<style>\/*! elementor - v3.21.0 - 25-04-2024 *\/\n.elementor-widget-image{text-align:center}.elementor-widget-image a{display:inline-block}.elementor-widget-image a img[src$=\".svg\"]{width:48px}.elementor-widget-image img{vertical-align:middle;display:inline-block}<\/style>\t\t\t\t\t\t\t\t\t\t<img fetchpriority=\"high\" decoding=\"async\" width=\"683\" height=\"1024\" src=\"https:\/\/lauramazzello.com\/wp-content\/uploads\/2023\/11\/Jess-Tom-035_websize.jpg\" class=\"attachment-large size-large wp-image-12764\" alt=\"\" srcset=\"https:\/\/lauramazzello.com\/wp-content\/uploads\/2023\/11\/Jess-Tom-035_websize.jpg 1067w, https:\/\/lauramazzello.com\/wp-content\/uploads\/2023\/11\/Jess-Tom-035_websize-600x900.jpg 600w\" sizes=\"(max-width: 683px) 100vw, 683px\" \/>\t\t\t\t\t\t\t\t\t\t\t\t\t<\/div>\n\t\t\t\t<\/div>\n\t\t\t\t<\/div>\n\t\t<div class=\"elementor-element elementor-element-942abdc e-con-full e-flex e-con e-child\" data-id=\"942abdc\" data-element_type=\"container\">\n\t\t\t\t<div class=\"elementor-element elementor-element-adaa93a elementor-widget elementor-widget-image\" data-id=\"adaa93a\" data-element_type=\"widget\" data-widget_type=\"image.default\">\n\t\t\t\t<div class=\"elementor-widget-container\">\n\t\t\t\t\t\t\t\t\t\t\t\t\t<img decoding=\"async\" width=\"683\" height=\"1024\" src=\"https:\/\/lauramazzello.com\/wp-content\/uploads\/2023\/10\/Melanie-Merkel-by-Laura-Mazzello-Photography-55_websize-683x1024.jpg\" class=\"attachment-large size-large wp-image-470\" alt=\"\" srcset=\"https:\/\/lauramazzello.com\/wp-content\/uploads\/2023\/10\/Melanie-Merkel-by-Laura-Mazzello-Photography-55_websize-683x1024.jpg 683w, https:\/\/lauramazzello.com\/wp-content\/uploads\/2023\/10\/Melanie-Merkel-by-Laura-Mazzello-Photography-55_websize-600x900.jpg 600w, https:\/\/lauramazzello.com\/wp-content\/uploads\/2023\/10\/Melanie-Merkel-by-Laura-Mazzello-Photography-55_websize-200x300.jpg 200w, https:\/\/lauramazzello.com\/wp-content\/uploads\/2023\/10\/Melanie-Merkel-by-Laura-Mazzello-Photography-55_websize-768x1152.jpg 768w, https:\/\/lauramazzello.com\/wp-content\/uploads\/2023\/10\/Melanie-Merkel-by-Laura-Mazzello-Photography-55_websize-1024x1536.jpg 1024w, https:\/\/lauramazzello.com\/wp-content\/uploads\/2023\/10\/Melanie-Merkel-by-Laura-Mazzello-Photography-55_websize.jpg 1067w\" sizes=\"(max-width: 683px) 100vw, 683px\" \/>\t\t\t\t\t\t\t\t\t\t\t\t\t<\/div>\n\t\t\t\t<\/div>\n\t\t\t\t<\/div>\n\t\t\t\t<\/div>\n\t\t<div class=\"elementor-element elementor-element-afcb14f e-con-full e-flex e-con e-child\" data-id=\"afcb14f\" data-element_type=\"container\">\n\t\t\t\t<div class=\"elementor-element elementor-element-10c58c0 large-h2 elementor-widget elementor-widget-heading\" data-id=\"10c58c0\" data-element_type=\"widget\" data-widget_type=\"heading.default\">\n\t\t\t\t<div class=\"elementor-widget-container\">\n\t\t\t<h2 class=\"elementor-heading-title elementor-size-default\">TU FAMILIA SIGNIFICA EL MUNDO PARA TI<\/h2>\t\t<\/div>\n\t\t\t\t<\/div>\n\t\t\t\t<div class=\"elementor-element elementor-element-fe230c8 h3-subtitle elementor-widget elementor-widget-heading\" data-id=\"fe230c8\" data-element_type=\"widget\" data-widget_type=\"heading.default\">\n\t\t\t\t<div class=\"elementor-widget-container\">\n\t\t\t<h3 class=\"elementor-heading-title elementor-size-default\">Y no paras de hacer fotos para atesorar cada momento especial.<\/h3>\t\t<\/div>\n\t\t\t\t<\/div>\n\t\t\t\t<div class=\"elementor-element elementor-element-1d5df7e elementor-widget elementor-widget-text-editor\" data-id=\"1d5df7e\" data-element_type=\"widget\" data-widget_type=\"text-editor.default\">\n\t\t\t\t<div class=\"elementor-widget-container\">\n\t\t\t<style>\/*! elementor - v3.21.0 - 25-04-2024 *\/\n.elementor-widget-text-editor.elementor-drop-cap-view-stacked .elementor-drop-cap{background-color:#69727d;color:#fff}.elementor-widget-text-editor.elementor-drop-cap-view-framed .elementor-drop-cap{color:#69727d;border:3px solid;background-color:transparent}.elementor-widget-text-editor:not(.elementor-drop-cap-view-default) .elementor-drop-cap{margin-top:8px}.elementor-widget-text-editor:not(.elementor-drop-cap-view-default) .elementor-drop-cap-letter{width:1em;height:1em}.elementor-widget-text-editor .elementor-drop-cap{float:left;text-align:center;line-height:1;font-size:50px}.elementor-widget-text-editor .elementor-drop-cap-letter{display:inline-block}<\/style>\t\t\t\t<p>Si siempre te toca ir c\u00e1mara en mano haciendo las fotos familiares, ya sabes lo que es quedarse fuera de la foto.<\/p>\n<p>O salir con el brazo estirado para hacer un selfie donde salen todos bien menos t\u00fa.<\/p>\n<p>En cualquier caso, tus fotos familiares nunca salen como quieres.<\/p><\/p>\n\t\t\t\t\t\t<\/div>\n\t\t\t\t<\/div>\n\t\t\t\t<\/div>\n\t\t\t\t<\/div>\n\t\t<div class=\"elementor-element elementor-element-cc8372e e-con-full e-flex e-con e-parent\" data-id=\"cc8372e\" data-element_type=\"container\" data-settings=\"{&quot;background_background&quot;:&quot;classic&quot;}\">\n\t\t<div class=\"elementor-element elementor-element-b45bdfd e-con-full main-section e-flex e-con e-child\" data-id=\"b45bdfd\" data-element_type=\"container\" data-settings=\"{&quot;background_background&quot;:&quot;classic&quot;}\">\n\t\t\t\t<div class=\"elementor-element elementor-element-906c137 elementor-widget elementor-widget-heading\" data-id=\"906c137\" data-element_type=\"widget\" data-widget_type=\"heading.default\">\n\t\t\t\t<div class=\"elementor-widget-container\">\n\t\t\t<h3 class=\"elementor-heading-title elementor-size-default\">los recuerdos pueden desvanecerse<\/h3>\t\t<\/div>\n\t\t\t\t<\/div>\n\t\t\t\t<div class=\"elementor-element elementor-element-ed4cea1 mid-h2 elementor-widget elementor-widget-heading\" data-id=\"ed4cea1\" data-element_type=\"widget\" data-widget_type=\"heading.default\">\n\t\t\t\t<div class=\"elementor-widget-container\">\n\t\t\t<h2 class=\"elementor-heading-title elementor-size-default\">as\u00ed que creemos im\u00e1genes que duren toda la vida<\/h2>\t\t<\/div>\n\t\t\t\t<\/div>\n\t\t\t\t<div class=\"elementor-element elementor-element-52e43ea elementor-widget elementor-widget-text-editor\" data-id=\"52e43ea\" data-element_type=\"widget\" data-widget_type=\"text-editor.default\">\n\t\t\t\t<div class=\"elementor-widget-container\">\n\t\t\t\t\t\t\t<p>Me encantar\u00eda ayudarte y tomar las fotos de tu familia durante vuestras vacaciones. Ya sea en la playa o en cualquiera de los paisajes hermosos que tienen las islas, tomar\u00e9 unas fotos naturales y espont\u00e1neas de ti y tus seres queridos.<\/p>\n<p>Durante nuestra sesi\u00f3n de una o dos horas, realizaremos actividades que le gusten a su familia. Nos tomaremos un momento para planificar cu\u00e1l es el mejor sitio para contar vuestra historia, c\u00f3mo os deber\u00edais vestir para estar a gusto y bien guapos, y c\u00f3mo prepararos para divertiros a tope!<\/p>\n\t\t\t\t\t\t<\/div>\n\t\t\t\t<\/div>\n\t\t\t\t<\/div>\n\t\t<div class=\"elementor-element elementor-element-2ec9c05 e-con-full e-flex e-con e-child\" data-id=\"2ec9c05\" data-element_type=\"container\" data-settings=\"{&quot;background_background&quot;:&quot;classic&quot;}\">\n\t\t\t\t<\/div>\n\t\t\t\t<\/div>\n\t\t<div class=\"elementor-element elementor-element-48a1ed1 e-con-full main-section e-flex e-con e-parent\" data-id=\"48a1ed1\" data-element_type=\"container\" data-settings=\"{&quot;background_background&quot;:&quot;classic&quot;}\">\n\t\t<div class=\"elementor-element elementor-element-2673295 e-flex e-con-boxed e-con e-child\" data-id=\"2673295\" data-element_type=\"container\" data-settings=\"{&quot;background_background&quot;:&quot;classic&quot;}\">\n\t\t\t\t\t<div class=\"e-con-inner\">\n\t\t\t\t<div class=\"elementor-element elementor-element-e499f0a elementor-widget elementor-widget-heading\" data-id=\"e499f0a\" data-element_type=\"widget\" data-widget_type=\"heading.default\">\n\t\t\t\t<div class=\"elementor-widget-container\">\n\t\t\t<h2 class=\"elementor-heading-title elementor-size-default\">Nada de posados, s\u00f3lo fotos naturales y divertidas! Durante la sesi\u00f3n, vosotros ser\u00e9is vosotros: jugar\u00e9is, os reir\u00e9is, os divertir\u00e9is, quiz\u00e1s har\u00e9is un picnic o tomar\u00e9is un helado, o quiz\u00e1s dar\u00e9is un paseo por la playa. Vosotros ser\u00e9is vosotros y yo os seguir\u00e9 con mi c\u00e1mara. <\/h2>\t\t<\/div>\n\t\t\t\t<\/div>\n\t\t\t\t\t<\/div>\n\t\t\t\t<\/div>\n\t\t\t\t<\/div>\n\t\t<div class=\"elementor-element elementor-element-e79d711 main-section e-flex e-con-boxed e-con e-parent\" data-id=\"e79d711\" data-element_type=\"container\" data-settings=\"{&quot;background_background&quot;:&quot;classic&quot;}\">\n\t\t\t\t\t<div class=\"e-con-inner\">\n\t\t\t\t<div class=\"elementor-element elementor-element-ea7980a large-h2 elementor-widget elementor-widget-heading\" data-id=\"ea7980a\" data-element_type=\"widget\" data-widget_type=\"heading.default\">\n\t\t\t\t<div class=\"elementor-widget-container\">\n\t\t\t<h2 class=\"elementor-heading-title elementor-size-default\">paquetes de <br><i>fotograf\u00eda<\/i><br> familiar<\/h2>\t\t<\/div>\n\t\t\t\t<\/div>\n\t\t\t\t\t<\/div>\n\t\t\t\t<\/div>\n\t\t<div class=\"elementor-element elementor-element-f91326e e-con-full e-flex e-con e-parent\" data-id=\"f91326e\" data-element_type=\"container\" data-settings=\"{&quot;background_background&quot;:&quot;classic&quot;}\">\n\t\t<div class=\"elementor-element elementor-element-7b5b27c e-con-full e-flex e-con e-child\" data-id=\"7b5b27c\" data-element_type=\"container\">\n\t\t<div class=\"elementor-element elementor-element-9ed44c3 e-con-full photo-container e-flex e-con e-child\" data-id=\"9ed44c3\" data-element_type=\"container\" data-settings=\"{&quot;background_background&quot;:&quot;classic&quot;}\">\n\t\t\t\t<\/div>\n\t\t<div class=\"elementor-element elementor-element-ad0c969 e-con-full main-section e-flex e-con e-child\" data-id=\"ad0c969\" data-element_type=\"container\" data-settings=\"{&quot;background_background&quot;:&quot;classic&quot;}\">\n\t\t\t\t<div class=\"elementor-element elementor-element-d88389d mid-h2 elementor-widget elementor-widget-heading\" data-id=\"d88389d\" data-element_type=\"widget\" data-widget_type=\"heading.default\">\n\t\t\t\t<div class=\"elementor-widget-container\">\n\t\t\t<h2 class=\"elementor-heading-title elementor-size-default\">paquete bronce<\/h2>\t\t<\/div>\n\t\t\t\t<\/div>\n\t\t\t\t<div class=\"elementor-element elementor-element-69f4fc3 elementor-widget elementor-widget-heading\" data-id=\"69f4fc3\" data-element_type=\"widget\" data-widget_type=\"heading.default\">\n\t\t\t\t<div class=\"elementor-widget-container\">\n\t\t\t<h3 class=\"elementor-heading-title elementor-size-default\">desde \u20ac450<\/h3>\t\t<\/div>\n\t\t\t\t<\/div>\n\t\t\t\t<div class=\"elementor-element elementor-element-bbd5721 elementor-widget elementor-widget-text-editor\" data-id=\"bbd5721\" data-element_type=\"widget\" data-widget_type=\"text-editor.default\">\n\t\t\t\t<div class=\"elementor-widget-container\">\n\t\t\t\t\t\t\t<p>El paquete perfecto para familias con im\u00e1genes en alta resoluci\u00f3n.<\/p><\/p>\n\t\t\t\t\t\t<\/div>\n\t\t\t\t<\/div>\n\t\t\t\t<div class=\"elementor-element elementor-element-66194b6 h4-subtitle elementor-widget elementor-widget-heading\" data-id=\"66194b6\" data-element_type=\"widget\" data-widget_type=\"heading.default\">\n\t\t\t\t<div class=\"elementor-widget-container\">\n\t\t\t<h4 class=\"elementor-heading-title elementor-size-default\">\u00bfQu\u00e9 incluye?<\/h4>\t\t<\/div>\n\t\t\t\t<\/div>\n\t\t\t\t<div class=\"elementor-element elementor-element-699cad6 elementor-widget elementor-widget-text-editor\" data-id=\"699cad6\" data-element_type=\"widget\" data-widget_type=\"text-editor.default\">\n\t\t\t\t<div class=\"elementor-widget-container\">\n\t\t\t\t\t\t\t<div class=\"show-more-wrap\">\n<ul>\n<li>Sesi\u00f3n fotogr\u00e1fica de 1 hora<\/li>\n<li>50 im\u00e1genes digitales de alta resoluci\u00f3n, editadas y listas para imprimir<\/li>\n<li>1 ubicaci\u00f3n<\/li>\n<li>Galer\u00eda online<\/li>\n<\/ul>\n<\/div>\n\t\t\t\t\t\t<\/div>\n\t\t\t\t<\/div>\n\t\t\t\t<div class=\"elementor-element elementor-element-78d3bec elementor-align-left main-button elementor-widget elementor-widget-button\" data-id=\"78d3bec\" data-element_type=\"widget\" data-widget_type=\"button.default\">\n\t\t\t\t<div class=\"elementor-widget-container\">\n\t\t\t\t\t<div class=\"elementor-button-wrapper\">\n\t\t\t<a class=\"elementor-button elementor-button-link elementor-size-sm\" href=\"https:\/\/app.studioninja.co\/online-booking\/portal\/0a800fc8-8752-1943-8187-5aad8c6104eb\/sessions\" target=\"_blank\" rel=\"noopener\">\n\t\t\t\t\t\t<span class=\"elementor-button-content-wrapper\">\n\t\t\t\t\t\t\t\t\t<span class=\"elementor-button-text\">reservar ahora<\/span>\n\t\t\t\t\t<\/span>\n\t\t\t\t\t<\/a>\n\t\t<\/div>\n\t\t\t\t<\/div>\n\t\t\t\t<\/div>\n\t\t\t\t<\/div>\n\t\t\t\t<\/div>\n\t\t\t\t<\/div>\n\t\t<div class=\"elementor-element elementor-element-12b59d3 e-con-full e-flex e-con e-parent\" data-id=\"12b59d3\" data-element_type=\"container\" data-settings=\"{&quot;background_background&quot;:&quot;classic&quot;}\">\n\t\t<div class=\"elementor-element elementor-element-57a6a13 e-con-full e-flex e-con e-child\" data-id=\"57a6a13\" data-element_type=\"container\">\n\t\t<div class=\"elementor-element elementor-element-5a5f783 e-con-full main-section e-flex e-con e-child\" data-id=\"5a5f783\" data-element_type=\"container\" data-settings=\"{&quot;background_background&quot;:&quot;classic&quot;}\">\n\t\t\t\t<div class=\"elementor-element elementor-element-f2de7bf mid-h2 elementor-widget elementor-widget-heading\" data-id=\"f2de7bf\" data-element_type=\"widget\" data-widget_type=\"heading.default\">\n\t\t\t\t<div class=\"elementor-widget-container\">\n\t\t\t<h2 class=\"elementor-heading-title elementor-size-default\">paquete plata<\/h2>\t\t<\/div>\n\t\t\t\t<\/div>\n\t\t\t\t<div class=\"elementor-element elementor-element-0a2bb54 elementor-widget elementor-widget-heading\" data-id=\"0a2bb54\" data-element_type=\"widget\" data-widget_type=\"heading.default\">\n\t\t\t\t<div class=\"elementor-widget-container\">\n\t\t\t<h3 class=\"elementor-heading-title elementor-size-default\">desde \u20ac550<\/h3>\t\t<\/div>\n\t\t\t\t<\/div>\n\t\t\t\t<div class=\"elementor-element elementor-element-d66ef25 elementor-widget elementor-widget-text-editor\" data-id=\"d66ef25\" data-element_type=\"widget\" data-widget_type=\"text-editor.default\">\n\t\t\t\t<div class=\"elementor-widget-container\">\n\t\t\t\t\t\t\t<p>El paquete ideal con m\u00e1s im\u00e1genes de alta resoluci\u00f3n.<\/p><\/p>\n\t\t\t\t\t\t<\/div>\n\t\t\t\t<\/div>\n\t\t\t\t<div class=\"elementor-element elementor-element-a05f56f h4-subtitle elementor-widget elementor-widget-heading\" data-id=\"a05f56f\" data-element_type=\"widget\" data-widget_type=\"heading.default\">\n\t\t\t\t<div class=\"elementor-widget-container\">\n\t\t\t<h4 class=\"elementor-heading-title elementor-size-default\">\u00bfQu\u00e9 incluye?<\/h4>\t\t<\/div>\n\t\t\t\t<\/div>\n\t\t\t\t<div class=\"elementor-element elementor-element-dc806f5 elementor-widget elementor-widget-text-editor\" data-id=\"dc806f5\" data-element_type=\"widget\" data-widget_type=\"text-editor.default\">\n\t\t\t\t<div class=\"elementor-widget-container\">\n\t\t\t\t\t\t\t<ul>\n<li>Sesi\u00f3n fotogr\u00e1fica de 1,30 horas<\/li>\n<li>80 im\u00e1genes digitales de alta resoluci\u00f3n, editadas y listas para imprimir<\/li>\n<li>1 o 2 ubicaciones<\/li>\n<li>Galer\u00eda online<\/li>\n<\/ul>\n\t\t\t\t\t\t<\/div>\n\t\t\t\t<\/div>\n\t\t\t\t<div class=\"elementor-element elementor-element-ff638ce elementor-align-left main-button elementor-widget elementor-widget-button\" data-id=\"ff638ce\" data-element_type=\"widget\" data-widget_type=\"button.default\">\n\t\t\t\t<div class=\"elementor-widget-container\">\n\t\t\t\t\t<div class=\"elementor-button-wrapper\">\n\t\t\t<a class=\"elementor-button elementor-button-link elementor-size-sm\" href=\"https:\/\/app.studioninja.co\/online-booking\/portal\/0a800fc8-8752-1943-8187-5aad8c6104eb\/sessions\" target=\"_blank\" rel=\"noopener\">\n\t\t\t\t\t\t<span class=\"elementor-button-content-wrapper\">\n\t\t\t\t\t\t\t\t\t<span class=\"elementor-button-text\">reservar ahora<\/span>\n\t\t\t\t\t<\/span>\n\t\t\t\t\t<\/a>\n\t\t<\/div>\n\t\t\t\t<\/div>\n\t\t\t\t<\/div>\n\t\t\t\t<\/div>\n\t\t<div class=\"elementor-element elementor-element-9c97ca8 e-con-full photo-container e-flex e-con e-child\" data-id=\"9c97ca8\" data-element_type=\"container\" data-settings=\"{&quot;background_background&quot;:&quot;classic&quot;}\">\n\t\t\t\t<\/div>\n\t\t\t\t<\/div>\n\t\t<div class=\"elementor-element elementor-element-434a41c e-con-full e-flex e-con e-child\" data-id=\"434a41c\" data-element_type=\"container\">\n\t\t<div class=\"elementor-element elementor-element-8cfe44a e-con-full photo-container e-flex e-con e-child\" data-id=\"8cfe44a\" data-element_type=\"container\" data-settings=\"{&quot;background_background&quot;:&quot;classic&quot;}\">\n\t\t\t\t<\/div>\n\t\t<div class=\"elementor-element elementor-element-7b99b16 e-con-full main-section e-flex e-con e-child\" data-id=\"7b99b16\" data-element_type=\"container\" data-settings=\"{&quot;background_background&quot;:&quot;classic&quot;}\">\n\t\t\t\t<div class=\"elementor-element elementor-element-45a6536 mid-h2 elementor-widget elementor-widget-heading\" data-id=\"45a6536\" data-element_type=\"widget\" data-widget_type=\"heading.default\">\n\t\t\t\t<div class=\"elementor-widget-container\">\n\t\t\t<h2 class=\"elementor-heading-title elementor-size-default\">Paquete oro<\/h2>\t\t<\/div>\n\t\t\t\t<\/div>\n\t\t\t\t<div class=\"elementor-element elementor-element-9858f94 elementor-widget elementor-widget-heading\" data-id=\"9858f94\" data-element_type=\"widget\" data-widget_type=\"heading.default\">\n\t\t\t\t<div class=\"elementor-widget-container\">\n\t\t\t<h3 class=\"elementor-heading-title elementor-size-default\">desde \u20ac700<br><\/h3>\t\t<\/div>\n\t\t\t\t<\/div>\n\t\t\t\t<div class=\"elementor-element elementor-element-928ffe9 elementor-widget elementor-widget-text-editor\" data-id=\"928ffe9\" data-element_type=\"widget\" data-widget_type=\"text-editor.default\">\n\t\t\t\t<div class=\"elementor-widget-container\">\n\t\t\t\t\t\t\t<p>El paquete m\u00e1s top con m\u00e1s cobertura y m\u00e1s im\u00e1genes.<\/p><\/p>\n\t\t\t\t\t\t<\/div>\n\t\t\t\t<\/div>\n\t\t\t\t<div class=\"elementor-element elementor-element-1ccaa42 h4-subtitle elementor-widget elementor-widget-heading\" data-id=\"1ccaa42\" data-element_type=\"widget\" data-widget_type=\"heading.default\">\n\t\t\t\t<div class=\"elementor-widget-container\">\n\t\t\t<h4 class=\"elementor-heading-title elementor-size-default\">\u00bfQu\u00e9 incluye?<\/h4>\t\t<\/div>\n\t\t\t\t<\/div>\n\t\t\t\t<div class=\"elementor-element elementor-element-8468701 elementor-widget elementor-widget-text-editor\" data-id=\"8468701\" data-element_type=\"widget\" data-widget_type=\"text-editor.default\">\n\t\t\t\t<div class=\"elementor-widget-container\">\n\t\t\t\t\t\t\t<ul>\n<li>2 &#8211; 3 horas de cobertura<\/li>\n<li>120 fotos editadas profesionalmente y en alta resoluci\u00f3n<\/li>\n<li>2 \u00f3 3 ubicaciones<\/li>\n<li>Galer\u00eda online<\/li>\n<\/ul>\n\t\t\t\t\t\t<\/div>\n\t\t\t\t<\/div>\n\t\t\t\t<div class=\"elementor-element elementor-element-8bfd944 elementor-align-left main-button elementor-widget elementor-widget-button\" data-id=\"8bfd944\" data-element_type=\"widget\" data-widget_type=\"button.default\">\n\t\t\t\t<div class=\"elementor-widget-container\">\n\t\t\t\t\t<div class=\"elementor-button-wrapper\">\n\t\t\t<a class=\"elementor-button elementor-button-link elementor-size-sm\" href=\"https:\/\/app.studioninja.co\/online-booking\/portal\/0a800fc8-8752-1943-8187-5aad8c6104eb\/sessions\" target=\"_blank\" rel=\"noopener\">\n\t\t\t\t\t\t<span class=\"elementor-button-content-wrapper\">\n\t\t\t\t\t\t\t\t\t<span class=\"elementor-button-text\">reservar ahora<\/span>\n\t\t\t\t\t<\/span>\n\t\t\t\t\t<\/a>\n\t\t<\/div>\n\t\t\t\t<\/div>\n\t\t\t\t<\/div>\n\t\t\t\t<\/div>\n\t\t\t\t<\/div>\n\t\t\t\t<\/div>\n\t\t<div class=\"elementor-element elementor-element-1ea884c e-con-full e-flex e-con e-parent\" data-id=\"1ea884c\" data-element_type=\"container\" data-settings=\"{&quot;background_background&quot;:&quot;classic&quot;}\">\n\t\t<div class=\"elementor-element elementor-element-328c4ce main-section e-flex e-con-boxed e-con e-child\" data-id=\"328c4ce\" data-element_type=\"container\" data-settings=\"{&quot;background_background&quot;:&quot;classic&quot;}\">\n\t\t\t\t\t<div class=\"e-con-inner\">\n\t\t\t\t<div class=\"elementor-element elementor-element-ff0863a elementor-widget elementor-widget-heading\" data-id=\"ff0863a\" data-element_type=\"widget\" data-widget_type=\"heading.default\">\n\t\t\t\t<div class=\"elementor-widget-container\">\n\t\t\t<h3 class=\"elementor-heading-title elementor-size-default\">\u00bfte apetece charlar?<\/h3>\t\t<\/div>\n\t\t\t\t<\/div>\n\t\t\t\t<div class=\"elementor-element elementor-element-13b33fb large-h2 elementor-widget elementor-widget-heading\" data-id=\"13b33fb\" data-element_type=\"widget\" data-widget_type=\"heading.default\">\n\t\t\t\t<div class=\"elementor-widget-container\">\n\t\t\t<h2 class=\"elementor-heading-title elementor-size-default\">Estoy deseando conocerte.<\/h2>\t\t<\/div>\n\t\t\t\t<\/div>\n\t\t\t\t<div class=\"elementor-element elementor-element-974356f elementor-align-center main-button elementor-mobile-align-left elementor-widget elementor-widget-button\" data-id=\"974356f\" data-element_type=\"widget\" data-widget_type=\"button.default\">\n\t\t\t\t<div class=\"elementor-widget-container\">\n\t\t\t\t\t<div class=\"elementor-button-wrapper\">\n\t\t\t<a class=\"elementor-button elementor-button-link elementor-size-sm\" href=\"https:\/\/lauramazzello.com\/es\/contactar\/\">\n\t\t\t\t\t\t<span class=\"elementor-button-content-wrapper\">\n\t\t\t\t\t\t\t\t\t<span class=\"elementor-button-text\">charlemos!<\/span>\n\t\t\t\t\t<\/span>\n\t\t\t\t\t<\/a>\n\t\t<\/div>\n\t\t\t\t<\/div>\n\t\t\t\t<\/div>\n\t\t\t\t\t<\/div>\n\t\t\t\t<\/div>\n\t\t\t\t<\/div>\n\t\t\t\t<\/div>\n\t\t","protected":false},"excerpt":{"rendered":"<p>fotograf\u00eda de familia y embarazo TU FAMILIA SIGNIFICA EL MUNDO PARA TI Y no paras de hacer fotos para atesorar cada momento especial. Si siempre te toca ir c\u00e1mara en mano haciendo las fotos familiares, ya sabes lo que es quedarse fuera de la foto. O salir con el brazo estirado para hacer un selfie [&hellip;]<\/p>\n","protected":false},"author":1,"featured_media":0,"parent":0,"menu_order":0,"comment_status":"closed","ping_status":"closed","template":"elementor_header_footer","meta":{"_monsterinsights_skip_tracking":false,"_monsterinsights_sitenote_active":false,"_monsterinsights_sitenote_note":"","_monsterinsights_sitenote_category":0,"footnotes":""},"_links":{"self":[{"href":"https:\/\/lauramazzello.com\/es\/wp-json\/wp\/v2\/pages\/16539"}],"collection":[{"href":"https:\/\/lauramazzello.com\/es\/wp-json\/wp\/v2\/pages"}],"about":[{"href":"https:\/\/lauramazzello.com\/es\/wp-json\/wp\/v2\/types\/page"}],"author":[{"embeddable":true,"href":"https:\/\/lauramazzello.com\/es\/wp-json\/wp\/v2\/users\/1"}],"replies":[{"embeddable":true,"href":"https:\/\/lauramazzello.com\/es\/wp-json\/wp\/v2\/comments?post=16539"}],"version-history":[{"count":0,"href":"https:\/\/lauramazzello.com\/es\/wp-json\/wp\/v2\/pages\/16539\/revisions"}],"wp:attachment":[{"href":"https:\/\/lauramazzello.com\/es\/wp-json\/wp\/v2\/media?parent=16539"}],"curies":[{"name":"wp","href":"https:\/\/api.w.org\/{rel}","templated":true}]}}