{"id":17625,"date":"2023-11-16T11:45:13","date_gmt":"2023-11-16T11:45:13","guid":{"rendered":"https:\/\/lauramazzello.com\/product\/uno-a-uno\/"},"modified":"2024-11-10T15:39:15","modified_gmt":"2024-11-10T15:39:15","slug":"one-to-one","status":"publish","type":"product","link":"https:\/\/lauramazzello.com\/es\/producto\/one-to-one\/","title":{"rendered":"Uno a uno"},"content":{"rendered":"<p>Sol\u00eda seguir a fot\u00f3grafos que admiraba y les hac\u00eda preguntas sobre su flujo de trabajo, qu\u00e9 CRM utilizaban, c\u00f3mo era su proceso de edici\u00f3n. Ahora soy yo quien recibe montones de mensajes con preguntas como \u00e9stas y, despu\u00e9s de muchos a\u00f1os de prueba y error, me he dado cuenta de que puedo ser esa persona que te ayude a llegar donde quieres estar como fot\u00f3grafo.<\/p>\n<p>Esta es la sesi\u00f3n de coaching perfecta para ti si est\u00e1s buscando subir de nivel y quieres ver hasta d\u00f3nde puedes hacer crecer tu negocio. Es una sesi\u00f3n tipo pregunta + respuesta y puedes preguntarme CUALQUIER COSA. Ponemos todas las cartas sobre la mesa! Trae tus inseguridades y vente preparada\/o con preguntas o temas sobre los que te gustar\u00eda hablar. Te dir\u00e9 todo lo que s\u00e9 desde mi punto de vista y experiencia en el sector sobre cada tema que elijas.<\/p>\n<p>Si buscas:<\/p>\n<ul>\n<li>Facturar 6 cifras anuales<\/li>\n<li>Aumentar la percepci\u00f3n de calidad de tus servicios a trav\u00e9s de tu web<\/li>\n<li>Subir de nivel y captar clientes de alto standing<\/li>\n<\/ul>\n<p>Te contar\u00e9 c\u00f3mo hice para escalar a bodas de m\u00e1s nivel y acceder a clientes high-ticket, te dar\u00e9 un paso a paso para que hagas un dossier que venda tus servicios, y te dar\u00e9 feedback sobre tu web e imagen online.<\/p>\n<ul>\n<li>Conseguir\u00e1s todos los secretos para llevar tu negocio al siguiente nivel<\/li>\n<li>Te ayudar\u00e9 durante todo el proceso<\/li>\n<li>Obtendr\u00e1s un paso a paso para crear el dossier perfecto para que muestres tus servicios<\/li>\n<\/ul>\n<p>Durante una llamada de dos horas v\u00eda Zoom repasaremos todos estos temas y cualquier pregunta que puedas tener. Programaremos la llamada con tiempo para que puedas prepararte.<\/p>\n","protected":false},"excerpt":{"rendered":"<p>Esta es la sesi\u00f3n de coaching perfecta para ti si est\u00e1s buscando subir de nivel y quieres ver hasta d\u00f3nde puedes hacer crecer tu negocio. Es una sesi\u00f3n tipo pregunta + respuesta y puedes preguntarme CUALQUIER COSA. Ponemos todas las cartas sobre la mesa! Trae tus inseguridades y vente preparada\/o con preguntas o temas sobre los que te gustar\u00eda hablar. Te dir\u00e9 todo lo que s\u00e9 desde mi punto de vista y experiencia en el sector sobre cada tema que elijas.<\/p>\n","protected":false},"featured_media":17624,"comment_status":"open","ping_status":"closed","template":"","meta":{"_monsterinsights_skip_tracking":false,"_monsterinsights_sitenote_active":false,"_monsterinsights_sitenote_note":"","_monsterinsights_sitenote_category":0},"product_cat":[177],"product_tag":[],"_links":{"self":[{"href":"https:\/\/lauramazzello.com\/es\/wp-json\/wp\/v2\/product\/17625"}],"collection":[{"href":"https:\/\/lauramazzello.com\/es\/wp-json\/wp\/v2\/product"}],"about":[{"href":"https:\/\/lauramazzello.com\/es\/wp-json\/wp\/v2\/types\/product"}],"replies":[{"embeddable":true,"href":"https:\/\/lauramazzello.com\/es\/wp-json\/wp\/v2\/comments?post=17625"}],"wp:featuredmedia":[{"embeddable":true,"href":"https:\/\/lauramazzello.com\/es\/wp-json\/wp\/v2\/media\/17624"}],"wp:attachment":[{"href":"https:\/\/lauramazzello.com\/es\/wp-json\/wp\/v2\/media?parent=17625"}],"wp:term":[{"taxonomy":"product_cat","embeddable":true,"href":"https:\/\/lauramazzello.com\/es\/wp-json\/wp\/v2\/product_cat?post=17625"},{"taxonomy":"product_tag","embeddable":true,"href":"https:\/\/lauramazzello.com\/es\/wp-json\/wp\/v2\/product_tag?post=17625"}],"curies":[{"name":"wp","href":"https:\/\/api.w.org\/{rel}","templated":true}]}}